{"id":5846,"date":"2025-04-18T15:57:30","date_gmt":"2025-04-18T15:57:30","guid":{"rendered":"https:\/\/boldyes-weddings.de\/?page_id=5846"},"modified":"2025-10-05T11:38:05","modified_gmt":"2025-10-05T11:38:05","slug":"impressum","status":"publish","type":"page","link":"https:\/\/boldyes-weddings.de\/en\/impressum\/","title":{"rendered":"Impressum"},"content":{"rendered":"<div data-elementor-type=\"wp-page\" data-elementor-id=\"5846\" class=\"elementor elementor-5846\">\n\t\t\t\t<div class=\"elementor-element elementor-element-9351c0f e-flex e-con-boxed e-con e-parent\" data-id=\"9351c0f\" data-element_type=\"container\" data-e-type=\"container\">\n\t\t\t\t\t<div class=\"e-con-inner\">\n\t\t\t\t<div class=\"elementor-element elementor-element-df6d731 elementor-widget__width-initial elementor-widget elementor-widget-html\" data-id=\"df6d731\" data-element_type=\"widget\" data-e-type=\"widget\" data-widget_type=\"html.default\">\n\t\t\t\t<div class=\"elementor-widget-container\">\n\t\t\t\t\t<h3>Impressum<\/h3>\r\r<p>Sarah Hentgen<br \/>\rCharlottenbrunner Str. 2<br \/>\r14193 Berlin<\/p>\r\r<h3>Contact<\/h3>\r<p>Telefon: 01716572172<br \/>\rE-Mail: hello@boldyes-weddings.de<\/p>\r\r<h3>Redaktionell verantwortlich<\/h3>\r<p>Sarah Hentgen<\/p>\r\r<h3>EU-Streitschlichtung<\/h3>\r<p>Die Europ&auml;ische Kommission stellt eine Plattform zur Online-Streitbeilegung (OS) bereit: <a href=\"https:\/\/ec.europa.eu\/consumers\/odr\/\" target=\"_blank\" rel=\"noopener noreferrer\">https:\/\/ec.europa.eu\/consumers\/odr\/<\/a>.<br \/> Unsere E-Mail-Adresse finden Sie oben im Impressum.<\/p>\r\r<h3>Verbraucher&shy;streit&shy;beilegung\/Universal&shy;schlichtungs&shy;stelle<\/h3>\r<p>Wir sind nicht bereit oder verpflichtet, an Streitbeilegungsverfahren vor einer Verbraucherschlichtungsstelle teilzunehmen.<\/p>\r\r<h3>Disclaimer<\/h3>\r\r<h3>Haftung f\u00fcr Inhalte<\/h3>\r\r<p>Als Diensteanbieter sind wir gem\u00e4\u00df \u00a7 7 Abs.1 TMG f\u00fcr eigene Inhalte auf diesen Seiten nach den allgemeinen Gesetzen verantwortlich. Nach \u00a7\u00a7 8 bis 10 TMG sind wir als Diensteanbieter jedoch nicht verpflichtet, \u00fcbermittelte oder gespeicherte fremde Informationen zu \u00fcberwachen oder nach Umst\u00e4nden zu forschen, die auf eine rechtswidrige T\u00e4tigkeit hinweisen.<\/p>\r\r<p>Verpflichtungen zur Entfernung oder Sperrung der Nutzung von Informationen nach den allgemeinen Gesetzen bleiben hiervon unber\u00fchrt. Eine diesbez\u00fcgliche Haftung ist jedoch erst ab dem Zeitpunkt der Kenntnis einer konkreten Rechtsverletzung m\u00f6glich. Bei Bekanntwerden von entsprechenden Rechtsverletzungen werden wir diese Inhalte umgehend entfernen.<\/p>\r\r<h3>Haftung f\u00fcr Links<\/h3>\r\r<p>Unser Angebot enth\u00e4lt Links zu externen Websites Dritter, auf deren Inhalte wir keinen Einfluss haben. Deshalb k\u00f6nnen wir f\u00fcr diese fremden Inhalte auch keine Gew\u00e4hr \u00fcbernehmen. F\u00fcr die Inhalte der verlinkten Seiten ist stets der jeweilige Anbieter oder Betreiber der Seiten verantwortlich. Die verlinkten Seiten wurden zum Zeitpunkt der Verlinkung auf m\u00f6gliche Rechtsverst\u00f6\u00dfe \u00fcberpr\u00fcft. Rechtswidrige Inhalte waren zum Zeitpunkt der Verlinkung nicht erkennbar.<\/p>\r\r<p>Eine permanente inhaltliche Kontrolle der verlinkten Seiten ist jedoch ohne konkrete Anhaltspunkte einer Rechtsverletzung nicht zumutbar. Bei Bekanntwerden von Rechtsverletzungen werden wir derartige Links umgehend entfernen.<\/p>\r\r\r<h3>Urheberrecht<\/h3>\r\r<p>Die durch die Seitenbetreiber erstellten Inhalte und Werke auf diesen Seiten unterliegen dem deutschen Urheberrecht. Die Vervielf\u00e4ltigung, Bearbeitung, Verbreitung und jede Art der Verwertung au\u00dferhalb der Grenzen des Urheberrechtes bed\u00fcrfen der schriftlichen Zustimmung des jeweiligen Autors bzw. Erstellers. Downloads und Kopien dieser Seite sind nur f\u00fcr den privaten, nicht kommerziellen Gebrauch gestattet.<\/p>\r\r<p>Soweit die Inhalte auf dieser Seite nicht vom Betreiber erstellt wurden, werden die Urheberrechte Dritter beachtet. Insbesondere werden Inhalte Dritter als solche gekennzeichnet. Sollten Sie trotzdem auf eine Urheberrechtsverletzung aufmerksam werden, bitten wir um einen entsprechenden Hinweis. Bei Bekanntwerden von Rechtsverletzungen werden wir derartige Inhalte umgehend entfernen.<\/p>\r\r<p>Quelle: <a href=\"https:\/\/www.e-recht24.de\">https:\/\/www.e-recht24.de<\/a><\/p>\t\t\t\t<\/div>\n\t\t\t\t<\/div>\n\t\t\t\t\t<\/div>\n\t\t\t\t<\/div>\n\t\t<div class=\"elementor-element elementor-element-9d056a6 e-flex e-con-boxed e-con e-parent\" data-id=\"9d056a6\" data-element_type=\"container\" data-e-type=\"container\">\n\t\t\t\t\t<div class=\"e-con-inner\">\n\t\t\t\t<div class=\"elementor-element elementor-element-b8c648b elementor-widget__width-initial elementor-widget elementor-widget-html\" data-id=\"b8c648b\" data-element_type=\"widget\" data-e-type=\"widget\" data-widget_type=\"html.default\">\n\t\t\t\t<div class=\"elementor-widget-container\">\n\t\t\t\t\t<h3>Site Notice<\/h3>\n\n<p>Sarah Hentgen<br \/>\nCharlottenbrunner Str. 2<br \/>\n14193 Berlin<\/p>\n\n<h3>Contact<\/h3>\n<p>Phone: 01716572172<br \/>\nE-mail: hello@boldyes-weddings.de<\/p>\n\n<h3>Person responsible for editorial<\/h3>\n<p>Sarah Hentgen<\/p>\n\n<h3>Dispute resolution proceedings in front of a consumer arbitration board<\/h3>\n<p>We are not willing or obliged to participate in dispute resolution proceedings in front of a consumer arbitration board.<\/p>\n<h3>Disclaimer<\/h3>\n\n<h3>Liability for Content<\/h3>\n\n<p>As a service provider, we are responsible under \u00a7 7 para.1 TMG for our own content on these pages in accordance with general laws. According to \u00a7\u00a7 8 to 10 TMG, however, we are not obligated as a service provider to monitor transmitted or stored third-party information or to investigate circumstances that indicate illegal activity.<\/p>\n\n<p>Obligations to remove or block the use of information under general laws remain unaffected. However, liability in this respect is only possible from the time of knowledge of a specific legal infringement. Upon becoming aware of such violations, we will remove the content immediately.<\/p>\n\n<h3>Liability for Links<\/h3>\n\n<p>Our website contains links to external websites of third parties, over whose content we have no influence. Therefore, we cannot assume any liability for this external content. The respective provider or operator of the pages is always responsible for the content of the linked pages. The linked pages were checked for possible legal violations at the time of linking. No unlawful content was recognizable at the time of linking.<\/p>\n\n<p>However, a permanent content control of the linked pages is not reasonable without concrete evidence of a legal violation. If we become aware of legal violations, we will remove such links immediately.<\/p>\n\n<h3>Copyright<\/h3>\n\n<p>The content and works created by the site operators on these pages are subject to German copyright law. Duplication, processing, distribution, and any kind of use outside the limits of copyright law require the written consent of the respective author or creator. Downloads and copies of this site are only permitted for private, non-commercial use.<\/p>\n\n<p>Insofar as the content on this site was not created by the operator, the copyrights of third parties are respected. In particular, third-party content is marked as such. Should you nevertheless become aware of a copyright infringement, we kindly ask you to provide a corresponding notice. Upon becoming aware of legal violations, we will remove such content immediately.<\/p>\n<p>Source: <a href=\"https:\/\/www.e-recht24.de\">https:\/\/www.e-recht24.de<\/a><\/p>\n\t\t\t\t<\/div>\n\t\t\t\t<\/div>\n\t\t\t\t\t<\/div>\n\t\t\t\t<\/div>\n\t\t\t\t<\/div>","protected":false},"excerpt":{"rendered":"<p>Impressum Sarah Hentgen Charlottenbrunner Str. 2 14193 Berlin Kontakt Telefon: 01716572172 E-Mail: hello@boldyes-weddings.de Redaktionell verantwortlich Sarah Hentgen EU-Streitschlichtung Die Europ&auml;ische Kommission stellt eine Plattform zur Online-Streitbeilegung (OS) bereit: https:\/\/ec.europa.eu\/consumers\/odr\/. Unsere E-Mail-Adresse finden Sie oben im Impressum. Verbraucher&shy;streit&shy;beilegung\/Universal&shy;schlichtungs&shy;stelle Wir sind nicht bereit oder verpflichtet, an Streitbeilegungsverfahren vor einer Verbraucherschlichtungsstelle teilzunehmen. Disclaimer Haftung f\u00fcr Inhalte Als Diensteanbieter sind wir [&hellip;]<\/p>\n","protected":false},"author":1,"featured_media":0,"parent":0,"menu_order":0,"comment_status":"closed","ping_status":"closed","template":"","meta":{"footnotes":""},"class_list":["post-5846","page","type-page","status-publish","hentry"],"yoast_head":"<!-- This site is optimized with the Yoast SEO plugin v27.5 - https:\/\/yoast.com\/product\/yoast-seo-wordpress\/ -->\n<title>Impressum - BOLD YES Weddings<\/title>\n<meta name=\"robots\" content=\"noindex, follow\" \/>\n<meta property=\"og:locale\" content=\"en_GB\" \/>\n<meta property=\"og:type\" content=\"article\" \/>\n<meta property=\"og:title\" content=\"Impressum - BOLD YES Weddings\" \/>\n<meta property=\"og:description\" content=\"Impressum Sarah Hentgen Charlottenbrunner Str. 2 14193 Berlin Kontakt Telefon: 01716572172 E-Mail: hello@boldyes-weddings.de Redaktionell verantwortlich Sarah Hentgen EU-Streitschlichtung Die Europ&auml;ische Kommission stellt eine Plattform zur Online-Streitbeilegung (OS) bereit: https:\/\/ec.europa.eu\/consumers\/odr\/. Unsere E-Mail-Adresse finden Sie oben im Impressum. Verbraucher&shy;streit&shy;beilegung\/Universal&shy;schlichtungs&shy;stelle Wir sind nicht bereit oder verpflichtet, an Streitbeilegungsverfahren vor einer Verbraucherschlichtungsstelle teilzunehmen. Disclaimer Haftung f\u00fcr Inhalte Als Diensteanbieter sind wir [&hellip;]\" \/>\n<meta property=\"og:url\" content=\"https:\/\/boldyes-weddings.de\/en\/impressum\/\" \/>\n<meta property=\"og:site_name\" content=\"BOLD YES Weddings\" \/>\n<meta property=\"article:modified_time\" content=\"2025-10-05T11:38:05+00:00\" \/>\n<meta name=\"twitter:card\" content=\"summary_large_image\" \/>\n<meta name=\"twitter:label1\" content=\"Estimated reading time\" \/>\n\t<meta name=\"twitter:data1\" content=\"4 minutes\" \/>\n<script type=\"application\/ld+json\" class=\"yoast-schema-graph\">{\"@context\":\"https:\\\/\\\/schema.org\",\"@graph\":[{\"@type\":\"WebPage\",\"@id\":\"https:\\\/\\\/boldyes-weddings.de\\\/impressum\\\/\",\"url\":\"https:\\\/\\\/boldyes-weddings.de\\\/impressum\\\/\",\"name\":\"Impressum - BOLD YES Weddings\",\"isPartOf\":{\"@id\":\"https:\\\/\\\/boldyes-weddings.de\\\/#website\"},\"datePublished\":\"2025-04-18T15:57:30+00:00\",\"dateModified\":\"2025-10-05T11:38:05+00:00\",\"breadcrumb\":{\"@id\":\"https:\\\/\\\/boldyes-weddings.de\\\/impressum\\\/#breadcrumb\"},\"inLanguage\":\"en-GB\",\"potentialAction\":[{\"@type\":\"ReadAction\",\"target\":[\"https:\\\/\\\/boldyes-weddings.de\\\/impressum\\\/\"]}]},{\"@type\":\"BreadcrumbList\",\"@id\":\"https:\\\/\\\/boldyes-weddings.de\\\/impressum\\\/#breadcrumb\",\"itemListElement\":[{\"@type\":\"ListItem\",\"position\":1,\"name\":\"Startseite\",\"item\":\"https:\\\/\\\/boldyes-weddings.de\\\/\"},{\"@type\":\"ListItem\",\"position\":2,\"name\":\"Impressum\"}]},{\"@type\":\"WebSite\",\"@id\":\"https:\\\/\\\/boldyes-weddings.de\\\/#website\",\"url\":\"https:\\\/\\\/boldyes-weddings.de\\\/\",\"name\":\"BOLD YES Weddings\",\"description\":\"Exklusive Micro Weddings in Berlin\",\"publisher\":{\"@id\":\"https:\\\/\\\/boldyes-weddings.de\\\/#organization\"},\"potentialAction\":[{\"@type\":\"SearchAction\",\"target\":{\"@type\":\"EntryPoint\",\"urlTemplate\":\"https:\\\/\\\/boldyes-weddings.de\\\/?s={search_term_string}\"},\"query-input\":{\"@type\":\"PropertyValueSpecification\",\"valueRequired\":true,\"valueName\":\"search_term_string\"}}],\"inLanguage\":\"en-GB\"},{\"@type\":\"Organization\",\"@id\":\"https:\\\/\\\/boldyes-weddings.de\\\/#organization\",\"name\":\"BOLD YES Weddings\",\"url\":\"https:\\\/\\\/boldyes-weddings.de\\\/\",\"logo\":{\"@type\":\"ImageObject\",\"inLanguage\":\"en-GB\",\"@id\":\"https:\\\/\\\/boldyes-weddings.de\\\/#\\\/schema\\\/logo\\\/image\\\/\",\"url\":\"https:\\\/\\\/boldyes-weddings.de\\\/wp-content\\\/uploads\\\/2025\\\/04\\\/BoldYes_Logo_Black.png\",\"contentUrl\":\"https:\\\/\\\/boldyes-weddings.de\\\/wp-content\\\/uploads\\\/2025\\\/04\\\/BoldYes_Logo_Black.png\",\"width\":3718,\"height\":1607,\"caption\":\"BOLD YES Weddings\"},\"image\":{\"@id\":\"https:\\\/\\\/boldyes-weddings.de\\\/#\\\/schema\\\/logo\\\/image\\\/\"},\"sameAs\":[\"https:\\\/\\\/www.instagram.com\\\/bold.yes.weddings\\\/\"]}]}<\/script>\n<!-- \/ Yoast SEO plugin. -->","yoast_head_json":{"title":"Impressum - BOLD YES Weddings","robots":{"index":"noindex","follow":"follow"},"og_locale":"en_GB","og_type":"article","og_title":"Impressum - BOLD YES Weddings","og_description":"Impressum Sarah Hentgen Charlottenbrunner Str. 2 14193 Berlin Kontakt Telefon: 01716572172 E-Mail: hello@boldyes-weddings.de Redaktionell verantwortlich Sarah Hentgen EU-Streitschlichtung Die Europ&auml;ische Kommission stellt eine Plattform zur Online-Streitbeilegung (OS) bereit: https:\/\/ec.europa.eu\/consumers\/odr\/. Unsere E-Mail-Adresse finden Sie oben im Impressum. Verbraucher&shy;streit&shy;beilegung\/Universal&shy;schlichtungs&shy;stelle Wir sind nicht bereit oder verpflichtet, an Streitbeilegungsverfahren vor einer Verbraucherschlichtungsstelle teilzunehmen. Disclaimer Haftung f\u00fcr Inhalte Als Diensteanbieter sind wir [&hellip;]","og_url":"https:\/\/boldyes-weddings.de\/en\/impressum\/","og_site_name":"BOLD YES Weddings","article_modified_time":"2025-10-05T11:38:05+00:00","twitter_card":"summary_large_image","twitter_misc":{"Estimated reading time":"4 minutes"},"schema":{"@context":"https:\/\/schema.org","@graph":[{"@type":"WebPage","@id":"https:\/\/boldyes-weddings.de\/impressum\/","url":"https:\/\/boldyes-weddings.de\/impressum\/","name":"Impressum - BOLD YES Weddings","isPartOf":{"@id":"https:\/\/boldyes-weddings.de\/#website"},"datePublished":"2025-04-18T15:57:30+00:00","dateModified":"2025-10-05T11:38:05+00:00","breadcrumb":{"@id":"https:\/\/boldyes-weddings.de\/impressum\/#breadcrumb"},"inLanguage":"en-GB","potentialAction":[{"@type":"ReadAction","target":["https:\/\/boldyes-weddings.de\/impressum\/"]}]},{"@type":"BreadcrumbList","@id":"https:\/\/boldyes-weddings.de\/impressum\/#breadcrumb","itemListElement":[{"@type":"ListItem","position":1,"name":"Startseite","item":"https:\/\/boldyes-weddings.de\/"},{"@type":"ListItem","position":2,"name":"Impressum"}]},{"@type":"WebSite","@id":"https:\/\/boldyes-weddings.de\/#website","url":"https:\/\/boldyes-weddings.de\/","name":"BOLD YES Weddings","description":"Exklusive Micro Weddings in Berlin","publisher":{"@id":"https:\/\/boldyes-weddings.de\/#organization"},"potentialAction":[{"@type":"SearchAction","target":{"@type":"EntryPoint","urlTemplate":"https:\/\/boldyes-weddings.de\/?s={search_term_string}"},"query-input":{"@type":"PropertyValueSpecification","valueRequired":true,"valueName":"search_term_string"}}],"inLanguage":"en-GB"},{"@type":"Organization","@id":"https:\/\/boldyes-weddings.de\/#organization","name":"BOLD YES Weddings","url":"https:\/\/boldyes-weddings.de\/","logo":{"@type":"ImageObject","inLanguage":"en-GB","@id":"https:\/\/boldyes-weddings.de\/#\/schema\/logo\/image\/","url":"https:\/\/boldyes-weddings.de\/wp-content\/uploads\/2025\/04\/BoldYes_Logo_Black.png","contentUrl":"https:\/\/boldyes-weddings.de\/wp-content\/uploads\/2025\/04\/BoldYes_Logo_Black.png","width":3718,"height":1607,"caption":"BOLD YES Weddings"},"image":{"@id":"https:\/\/boldyes-weddings.de\/#\/schema\/logo\/image\/"},"sameAs":["https:\/\/www.instagram.com\/bold.yes.weddings\/"]}]}},"_links":{"self":[{"href":"https:\/\/boldyes-weddings.de\/en\/wp-json\/wp\/v2\/pages\/5846","targetHints":{"allow":["GET"]}}],"collection":[{"href":"https:\/\/boldyes-weddings.de\/en\/wp-json\/wp\/v2\/pages"}],"about":[{"href":"https:\/\/boldyes-weddings.de\/en\/wp-json\/wp\/v2\/types\/page"}],"author":[{"embeddable":true,"href":"https:\/\/boldyes-weddings.de\/en\/wp-json\/wp\/v2\/users\/1"}],"replies":[{"embeddable":true,"href":"https:\/\/boldyes-weddings.de\/en\/wp-json\/wp\/v2\/comments?post=5846"}],"version-history":[{"count":16,"href":"https:\/\/boldyes-weddings.de\/en\/wp-json\/wp\/v2\/pages\/5846\/revisions"}],"predecessor-version":[{"id":8002,"href":"https:\/\/boldyes-weddings.de\/en\/wp-json\/wp\/v2\/pages\/5846\/revisions\/8002"}],"wp:attachment":[{"href":"https:\/\/boldyes-weddings.de\/en\/wp-json\/wp\/v2\/media?parent=5846"}],"curies":[{"name":"wp","href":"https:\/\/api.w.org\/{rel}","templated":true}]}}